










{"id":3086,"date":"2021-01-10T14:50:22","date_gmt":"2021-01-10T13:50:22","guid":{"rendered":"http:\/\/ecospray.eu\/?page_id=3086"},"modified":"2023-12-15T12:54:30","modified_gmt":"2023-12-15T11:54:30","slug":"governance","status":"publish","type":"page","link":"https:\/\/ecospray.eu\/it\/governance\/","title":{"rendered":"Governance"},"content":{"rendered":"\t\t<div data-elementor-type=\"wp-post\" data-elementor-id=\"3086\" class=\"elementor elementor-3086\" data-elementor-post-type=\"page\">\n\t\t\t\t\t\t<section class=\"elementor-section elementor-top-section elementor-element elementor-element-912a30f elementor-section-full_width elementor-section-height-min-height page-header-half elementor-section-height-default elementor-section-items-middle\" data-id=\"912a30f\" data-element_type=\"section\" data-settings=\"{&quot;background_background&quot;:&quot;classic&quot;,&quot;background_motion_fx_motion_fx_scrolling&quot;:&quot;yes&quot;,&quot;background_motion_fx_scale_effect&quot;:&quot;yes&quot;,&quot;background_motion_fx_scale_range&quot;:{&quot;unit&quot;:&quot;%&quot;,&quot;size&quot;:&quot;&quot;,&quot;sizes&quot;:{&quot;start&quot;:0,&quot;end&quot;:100}},&quot;background_motion_fx_range&quot;:&quot;page&quot;,&quot;background_motion_fx_scale_direction&quot;:&quot;out-in&quot;,&quot;background_motion_fx_scale_speed&quot;:{&quot;unit&quot;:&quot;px&quot;,&quot;size&quot;:4,&quot;sizes&quot;:[]},&quot;background_motion_fx_devices&quot;:[&quot;desktop&quot;,&quot;tablet&quot;,&quot;mobile&quot;]}\">\n\t\t\t\t\t\t\t<div class=\"elementor-background-overlay\"><\/div>\n\t\t\t\t\t\t\t<div class=\"elementor-container elementor-column-gap-default\">\n\t\t\t\t\t<div class=\"elementor-column elementor-col-100 elementor-top-column elementor-element elementor-element-76deab8\" data-id=\"76deab8\" data-element_type=\"column\">\n\t\t\t<div class=\"elementor-widget-wrap elementor-element-populated\">\n\t\t\t\t\t\t<section class=\"elementor-section elementor-inner-section elementor-element elementor-element-92a062e ecs-small-box elementor-section-boxed elementor-section-height-default elementor-section-height-default\" data-id=\"92a062e\" data-element_type=\"section\">\n\t\t\t\t\t\t<div class=\"elementor-container elementor-column-gap-default\">\n\t\t\t\t\t<div class=\"elementor-column elementor-col-100 elementor-inner-column elementor-element elementor-element-dee8b47\" data-id=\"dee8b47\" data-element_type=\"column\">\n\t\t\t<div class=\"elementor-widget-wrap elementor-element-populated\">\n\t\t\t\t\t\t\t<\/div>\n\t\t<\/div>\n\t\t\t\t\t<\/div>\n\t\t<\/section>\n\t\t\t\t\t<\/div>\n\t\t<\/div>\n\t\t\t\t\t<\/div>\n\t\t<\/section>\n\t\t\t\t<section class=\"elementor-section elementor-top-section elementor-element elementor-element-31f07e9 elementor-section-boxed elementor-section-height-default elementor-section-height-default\" data-id=\"31f07e9\" data-element_type=\"section\">\n\t\t\t\t\t\t<div class=\"elementor-container elementor-column-gap-default\">\n\t\t\t\t\t<div class=\"elementor-column elementor-col-100 elementor-top-column elementor-element elementor-element-fbaa759\" data-id=\"fbaa759\" data-element_type=\"column\">\n\t\t\t<div class=\"elementor-widget-wrap elementor-element-populated\">\n\t\t\t\t\t\t<div class=\"elementor-element elementor-element-a55c7ee elementor-widget elementor-widget-text-editor\" data-id=\"a55c7ee\" data-element_type=\"widget\" data-widget_type=\"text-editor.default\">\n\t\t\t\t<div class=\"elementor-widget-container\">\n\t\t\t\t\t\t\t\t\t<h2>Modello Organizzativo ex D. Lgs. 231\/2001 e Codice Etico<\/h2><p>Ecospray Technologies srl nello svolgimento del proprio business e delle attivit\u00e0 aziendali si ispira ai pi\u00f9 elevati standard di trasparenza e correttezza ed in quest\u2019ottica ha deciso di adottare un proprio Modello di organizzazione, gestione e controllo ai sensi del D.Lgs. 231\/2001 (\u201cModello Organizzativo\u201d).<\/p><p>Il Modello Organizzativo contiene regole, procedure, norme comportamentali volte a prevenire la commissione di reati, favorisce il rigore, la trasparenza e il senso di responsabilit\u00e0 nei rapporti interni ed esterni ed include, quale parte integrante ed inderogabile, il Codice Etico.<\/p><p>Nell\u2019ambito delle proprie attivit\u00e0, Ecospray Technologies ha identificato alcuni valori di riferimento, principi generali cui devono attenersi i dipendenti e coloro che operano per conto delle Societ\u00e0 al fine di assicurare la correttezza nella conduzione degli affari, nelle attivit\u00e0 sociali, per tutelare il patrimonio e la reputazione aziendale e rispettare l\u2019ambiente circostante.<\/p><p>\u00c8 stato nominato un Organismo di Vigilanza (\u201cOdV\u201d) il cui compito \u00e8 quello di vigilare sul funzionamento, efficacia, adeguatezza, osservanza, del Modello Organizzativo e di provvedere al relativo aggiornamento.Tutti i componenti dell\u2019OdV sono dotati dei necessari requisiti di onorabilit\u00e0, professionalit\u00e0, autonomia e indipendenza e svolgono le funzioni ad esso attribuite garantendo la necessaria continuit\u00e0 di azione.<\/p><p><a href=\"https:\/\/ecospray.eu\/wp-content\/uploads\/2021\/01\/Codice-etico.pdf\">Codice etico<\/a><\/p><p><a href=\"https:\/\/ecospray.eu\/wp-content\/uploads\/2021\/01\/Ecospray-Modello-Organizzativo-231.pdf\">Ecospray Technologies modello 231<\/a><\/p><p>\u00a0<\/p><h2>Policy Whistleblowing<\/h2><p>Ecospray promuove una cultura aziendale caratterizzata da comportamenti virtuosi e da un sistema di governance che previene la commissione di atti illeciti, garantendo un ambiente di lavoro in cui i dipendenti possano serenamente segnalare eventuali comportamenti inadeguati o che ledano l\u2019interesse pubblico o l\u2019integrit\u00e0 della Societ\u00e0.<\/p><p>Il canale di segnalazione \u00e8 a disposizione dei dipendenti Ecospray e di tutti coloro che abbiano rapporti con l\u2019azienda.<\/p><p>La Societ\u00e0 garantisce la massima riservatezza sull\u2019identit\u00e0 del segnalante, del soggetto segnalato e dei soggetti altrimenti indicati nella segnalazione, nonch\u00e9 sul contenuto della segnalazione e della relativa documentazione.<\/p><p>La piattaforma dedicata alle segnalazioni \u00e8 raggiungibile all\u2019indirizzo <a href=\"https:\/\/ecospray.integrity.complylog.com\/\" target=\"_blank\" rel=\"noopener\">ecospray.integrity.complylog.com<\/a><\/p><p>Per dettagli sulle ulteriori modalit\u00e0 di segnalazione o qualsiasi altro approfondimento si faccia riferimento alla Policy Whistleblowing, disponibile qui sotto.<\/p><p><a href=\"https:\/\/ecospray.eu\/wp-content\/uploads\/2023\/12\/Ecospray_Whistelblowing23.pdf\" target=\"_blank\" rel=\"noopener\">Policy Whistleblowing<\/a><\/p>\t\t\t\t\t\t\t\t<\/div>\n\t\t\t\t<\/div>\n\t\t\t\t\t<\/div>\n\t\t<\/div>\n\t\t\t\t\t<\/div>\n\t\t<\/section>\n\t\t\t\t<\/div>\n\t\t","protected":false},"excerpt":{"rendered":"<p>Modello Organizzativo ex D. Lgs. 231\/2001 e Codice Etico Ecospray Technologies srl nello svolgimento del proprio business e delle attivit\u00e0 aziendali si ispira ai pi\u00f9 elevati standard di trasparenza e correttezza ed in quest\u2019ottica ha [&hellip;]<\/p>\n","protected":false},"author":6,"featured_media":9605,"parent":0,"menu_order":0,"comment_status":"closed","ping_status":"closed","template":"","meta":{"_acf_changed":false,"footnotes":""},"categorie-prodotti":[],"categorie-servizi":[],"aree":[],"class_list":["post-3086","page","type-page","status-publish","has-post-thumbnail","hentry"],"acf":[],"yoast_head":"<!-- This site is optimized with the Yoast SEO plugin v24.4 - https:\/\/yoast.com\/wordpress\/plugins\/seo\/ -->\n<title>Governance - Ecospray<\/title>\n<meta name=\"robots\" content=\"index, follow, max-snippet:-1, max-image-preview:large, max-video-preview:-1\" \/>\n<link rel=\"canonical\" href=\"https:\/\/ecospray.eu\/it\/governance\/\" \/>\n<meta property=\"og:locale\" content=\"it_IT\" \/>\n<meta property=\"og:type\" content=\"article\" \/>\n<meta property=\"og:title\" content=\"Governance - Ecospray\" \/>\n<meta property=\"og:description\" content=\"Modello Organizzativo ex D. Lgs. 231\/2001 e Codice Etico Ecospray Technologies srl nello svolgimento del proprio business e delle attivit\u00e0 aziendali si ispira ai pi\u00f9 elevati standard di trasparenza e correttezza ed in quest\u2019ottica ha [&hellip;]\" \/>\n<meta property=\"og:url\" content=\"https:\/\/ecospray.eu\/it\/governance\/\" \/>\n<meta property=\"og:site_name\" content=\"Ecospray\" \/>\n<meta property=\"article:modified_time\" content=\"2023-12-15T11:54:30+00:00\" \/>\n<meta property=\"og:image\" content=\"https:\/\/ecospray.eu\/wp-content\/uploads\/2021\/01\/earth-cover.jpg\" \/>\n\t<meta property=\"og:image:width\" content=\"1920\" \/>\n\t<meta property=\"og:image:height\" content=\"1024\" \/>\n\t<meta property=\"og:image:type\" content=\"image\/jpeg\" \/>\n<meta name=\"twitter:card\" content=\"summary_large_image\" \/>\n<meta name=\"twitter:label1\" content=\"Tempo di lettura stimato\" \/>\n\t<meta name=\"twitter:data1\" content=\"2 minuti\" \/>\n<script type=\"application\/ld+json\" class=\"yoast-schema-graph\">{\"@context\":\"https:\/\/schema.org\",\"@graph\":[{\"@type\":\"WebPage\",\"@id\":\"https:\/\/ecospray.eu\/it\/governance\/\",\"url\":\"https:\/\/ecospray.eu\/it\/governance\/\",\"name\":\"Governance - Ecospray\",\"isPartOf\":{\"@id\":\"https:\/\/ecospray.eu\/#website\"},\"primaryImageOfPage\":{\"@id\":\"https:\/\/ecospray.eu\/it\/governance\/#primaryimage\"},\"image\":{\"@id\":\"https:\/\/ecospray.eu\/it\/governance\/#primaryimage\"},\"thumbnailUrl\":\"https:\/\/ecospray.eu\/wp-content\/uploads\/2021\/01\/earth-cover.jpg\",\"datePublished\":\"2021-01-10T13:50:22+00:00\",\"dateModified\":\"2023-12-15T11:54:30+00:00\",\"breadcrumb\":{\"@id\":\"https:\/\/ecospray.eu\/it\/governance\/#breadcrumb\"},\"inLanguage\":\"it-IT\",\"potentialAction\":[{\"@type\":\"ReadAction\",\"target\":[\"https:\/\/ecospray.eu\/it\/governance\/\"]}]},{\"@type\":\"ImageObject\",\"inLanguage\":\"it-IT\",\"@id\":\"https:\/\/ecospray.eu\/it\/governance\/#primaryimage\",\"url\":\"https:\/\/ecospray.eu\/wp-content\/uploads\/2021\/01\/earth-cover.jpg\",\"contentUrl\":\"https:\/\/ecospray.eu\/wp-content\/uploads\/2021\/01\/earth-cover.jpg\",\"width\":1920,\"height\":1024},{\"@type\":\"BreadcrumbList\",\"@id\":\"https:\/\/ecospray.eu\/it\/governance\/#breadcrumb\",\"itemListElement\":[{\"@type\":\"ListItem\",\"position\":1,\"name\":\"Home\",\"item\":\"https:\/\/ecospray.eu\/it\/\"},{\"@type\":\"ListItem\",\"position\":2,\"name\":\"Governance\"}]},{\"@type\":\"WebSite\",\"@id\":\"https:\/\/ecospray.eu\/#website\",\"url\":\"https:\/\/ecospray.eu\/\",\"name\":\"Ecospray\",\"description\":\"Technologies for the planet.\",\"publisher\":{\"@id\":\"https:\/\/ecospray.eu\/#organization\"},\"potentialAction\":[{\"@type\":\"SearchAction\",\"target\":{\"@type\":\"EntryPoint\",\"urlTemplate\":\"https:\/\/ecospray.eu\/?s={search_term_string}\"},\"query-input\":{\"@type\":\"PropertyValueSpecification\",\"valueRequired\":true,\"valueName\":\"search_term_string\"}}],\"inLanguage\":\"it-IT\"},{\"@type\":\"Organization\",\"@id\":\"https:\/\/ecospray.eu\/#organization\",\"name\":\"Ecospray\",\"url\":\"https:\/\/ecospray.eu\/\",\"logo\":{\"@type\":\"ImageObject\",\"inLanguage\":\"it-IT\",\"@id\":\"https:\/\/ecospray.eu\/#\/schema\/logo\/image\/\",\"url\":\"https:\/\/ecospray.eu\/wp-content\/uploads\/2023\/05\/logo_ecosprayR_colore_.png\",\"contentUrl\":\"https:\/\/ecospray.eu\/wp-content\/uploads\/2023\/05\/logo_ecosprayR_colore_.png\",\"width\":569,\"height\":131,\"caption\":\"Ecospray\"},\"image\":{\"@id\":\"https:\/\/ecospray.eu\/#\/schema\/logo\/image\/\"}}]}<\/script>\n<!-- \/ Yoast SEO plugin. -->","yoast_head_json":{"title":"Governance - Ecospray","robots":{"index":"index","follow":"follow","max-snippet":"max-snippet:-1","max-image-preview":"max-image-preview:large","max-video-preview":"max-video-preview:-1"},"canonical":"https:\/\/ecospray.eu\/it\/governance\/","og_locale":"it_IT","og_type":"article","og_title":"Governance - Ecospray","og_description":"Modello Organizzativo ex D. Lgs. 231\/2001 e Codice Etico Ecospray Technologies srl nello svolgimento del proprio business e delle attivit\u00e0 aziendali si ispira ai pi\u00f9 elevati standard di trasparenza e correttezza ed in quest\u2019ottica ha [&hellip;]","og_url":"https:\/\/ecospray.eu\/it\/governance\/","og_site_name":"Ecospray","article_modified_time":"2023-12-15T11:54:30+00:00","og_image":[{"width":1920,"height":1024,"url":"https:\/\/ecospray.eu\/wp-content\/uploads\/2021\/01\/earth-cover.jpg","type":"image\/jpeg"}],"twitter_card":"summary_large_image","twitter_misc":{"Tempo di lettura stimato":"2 minuti"},"schema":{"@context":"https:\/\/schema.org","@graph":[{"@type":"WebPage","@id":"https:\/\/ecospray.eu\/it\/governance\/","url":"https:\/\/ecospray.eu\/it\/governance\/","name":"Governance - Ecospray","isPartOf":{"@id":"https:\/\/ecospray.eu\/#website"},"primaryImageOfPage":{"@id":"https:\/\/ecospray.eu\/it\/governance\/#primaryimage"},"image":{"@id":"https:\/\/ecospray.eu\/it\/governance\/#primaryimage"},"thumbnailUrl":"https:\/\/ecospray.eu\/wp-content\/uploads\/2021\/01\/earth-cover.jpg","datePublished":"2021-01-10T13:50:22+00:00","dateModified":"2023-12-15T11:54:30+00:00","breadcrumb":{"@id":"https:\/\/ecospray.eu\/it\/governance\/#breadcrumb"},"inLanguage":"it-IT","potentialAction":[{"@type":"ReadAction","target":["https:\/\/ecospray.eu\/it\/governance\/"]}]},{"@type":"ImageObject","inLanguage":"it-IT","@id":"https:\/\/ecospray.eu\/it\/governance\/#primaryimage","url":"https:\/\/ecospray.eu\/wp-content\/uploads\/2021\/01\/earth-cover.jpg","contentUrl":"https:\/\/ecospray.eu\/wp-content\/uploads\/2021\/01\/earth-cover.jpg","width":1920,"height":1024},{"@type":"BreadcrumbList","@id":"https:\/\/ecospray.eu\/it\/governance\/#breadcrumb","itemListElement":[{"@type":"ListItem","position":1,"name":"Home","item":"https:\/\/ecospray.eu\/it\/"},{"@type":"ListItem","position":2,"name":"Governance"}]},{"@type":"WebSite","@id":"https:\/\/ecospray.eu\/#website","url":"https:\/\/ecospray.eu\/","name":"Ecospray","description":"Technologies for the planet.","publisher":{"@id":"https:\/\/ecospray.eu\/#organization"},"potentialAction":[{"@type":"SearchAction","target":{"@type":"EntryPoint","urlTemplate":"https:\/\/ecospray.eu\/?s={search_term_string}"},"query-input":{"@type":"PropertyValueSpecification","valueRequired":true,"valueName":"search_term_string"}}],"inLanguage":"it-IT"},{"@type":"Organization","@id":"https:\/\/ecospray.eu\/#organization","name":"Ecospray","url":"https:\/\/ecospray.eu\/","logo":{"@type":"ImageObject","inLanguage":"it-IT","@id":"https:\/\/ecospray.eu\/#\/schema\/logo\/image\/","url":"https:\/\/ecospray.eu\/wp-content\/uploads\/2023\/05\/logo_ecosprayR_colore_.png","contentUrl":"https:\/\/ecospray.eu\/wp-content\/uploads\/2023\/05\/logo_ecosprayR_colore_.png","width":569,"height":131,"caption":"Ecospray"},"image":{"@id":"https:\/\/ecospray.eu\/#\/schema\/logo\/image\/"}}]}},"_links":{"self":[{"href":"https:\/\/ecospray.eu\/it\/wp-json\/wp\/v2\/pages\/3086","targetHints":{"allow":["GET"]}}],"collection":[{"href":"https:\/\/ecospray.eu\/it\/wp-json\/wp\/v2\/pages"}],"about":[{"href":"https:\/\/ecospray.eu\/it\/wp-json\/wp\/v2\/types\/page"}],"author":[{"embeddable":true,"href":"https:\/\/ecospray.eu\/it\/wp-json\/wp\/v2\/users\/6"}],"replies":[{"embeddable":true,"href":"https:\/\/ecospray.eu\/it\/wp-json\/wp\/v2\/comments?post=3086"}],"version-history":[{"count":30,"href":"https:\/\/ecospray.eu\/it\/wp-json\/wp\/v2\/pages\/3086\/revisions"}],"predecessor-version":[{"id":25324,"href":"https:\/\/ecospray.eu\/it\/wp-json\/wp\/v2\/pages\/3086\/revisions\/25324"}],"wp:featuredmedia":[{"embeddable":true,"href":"https:\/\/ecospray.eu\/it\/wp-json\/wp\/v2\/media\/9605"}],"wp:attachment":[{"href":"https:\/\/ecospray.eu\/it\/wp-json\/wp\/v2\/media?parent=3086"}],"wp:term":[{"taxonomy":"categorie-prodotti","embeddable":true,"href":"https:\/\/ecospray.eu\/it\/wp-json\/wp\/v2\/categorie-prodotti?post=3086"},{"taxonomy":"categorie-servizi","embeddable":true,"href":"https:\/\/ecospray.eu\/it\/wp-json\/wp\/v2\/categorie-servizi?post=3086"},{"taxonomy":"aree","embeddable":true,"href":"https:\/\/ecospray.eu\/it\/wp-json\/wp\/v2\/aree?post=3086"}],"curies":[{"name":"wp","href":"https:\/\/api.w.org\/{rel}","templated":true}]}}