










{"id":9643,"date":"2021-01-12T11:46:58","date_gmt":"2021-01-12T10:46:58","guid":{"rendered":"http:\/\/www.dev.ecospray.eu\/privacy-policy\/"},"modified":"2021-01-14T16:32:11","modified_gmt":"2021-01-14T15:32:11","slug":"privacy-policy","status":"publish","type":"page","link":"https:\/\/ecospray.eu\/it\/privacy-policy\/","title":{"rendered":"Privacy policy"},"content":{"rendered":"\t\t<div data-elementor-type=\"wp-post\" data-elementor-id=\"9643\" class=\"elementor elementor-9643 elementor-9634\" data-elementor-post-type=\"page\">\n\t\t\t\t\t\t<section class=\"elementor-section elementor-top-section elementor-element elementor-element-d206f4b elementor-section-full_width elementor-section-height-min-height page-header-half elementor-section-height-default elementor-section-items-middle\" data-id=\"d206f4b\" data-element_type=\"section\" data-settings=\"{&quot;background_background&quot;:&quot;classic&quot;,&quot;background_motion_fx_motion_fx_scrolling&quot;:&quot;yes&quot;,&quot;background_motion_fx_scale_effect&quot;:&quot;yes&quot;,&quot;background_motion_fx_scale_range&quot;:{&quot;unit&quot;:&quot;%&quot;,&quot;size&quot;:&quot;&quot;,&quot;sizes&quot;:{&quot;start&quot;:0,&quot;end&quot;:100}},&quot;background_motion_fx_range&quot;:&quot;page&quot;,&quot;background_motion_fx_scale_direction&quot;:&quot;out-in&quot;,&quot;background_motion_fx_scale_speed&quot;:{&quot;unit&quot;:&quot;px&quot;,&quot;size&quot;:4,&quot;sizes&quot;:[]},&quot;background_motion_fx_devices&quot;:[&quot;desktop&quot;,&quot;tablet&quot;,&quot;mobile&quot;]}\">\n\t\t\t\t\t\t\t<div class=\"elementor-background-overlay\"><\/div>\n\t\t\t\t\t\t\t<div class=\"elementor-container elementor-column-gap-default\">\n\t\t\t\t\t<div class=\"elementor-column elementor-col-100 elementor-top-column elementor-element elementor-element-bcebb4d\" data-id=\"bcebb4d\" data-element_type=\"column\">\n\t\t\t<div class=\"elementor-widget-wrap elementor-element-populated\">\n\t\t\t\t\t\t<section class=\"elementor-section elementor-inner-section elementor-element elementor-element-e02fb51 ecs-small-box elementor-section-boxed elementor-section-height-default elementor-section-height-default\" data-id=\"e02fb51\" data-element_type=\"section\">\n\t\t\t\t\t\t<div class=\"elementor-container elementor-column-gap-default\">\n\t\t\t\t\t<div class=\"elementor-column elementor-col-100 elementor-inner-column elementor-element elementor-element-461c4e3\" data-id=\"461c4e3\" data-element_type=\"column\">\n\t\t\t<div class=\"elementor-widget-wrap elementor-element-populated\">\n\t\t\t\t\t\t\t<\/div>\n\t\t<\/div>\n\t\t\t\t\t<\/div>\n\t\t<\/section>\n\t\t\t\t\t<\/div>\n\t\t<\/div>\n\t\t\t\t\t<\/div>\n\t\t<\/section>\n\t\t\t\t<section class=\"elementor-section elementor-top-section elementor-element elementor-element-a6ce56e elementor-section-boxed elementor-section-height-default elementor-section-height-default\" data-id=\"a6ce56e\" data-element_type=\"section\">\n\t\t\t\t\t\t<div class=\"elementor-container elementor-column-gap-default\">\n\t\t\t\t\t<div class=\"elementor-column elementor-col-100 elementor-top-column elementor-element elementor-element-7e8be52\" data-id=\"7e8be52\" data-element_type=\"column\">\n\t\t\t<div class=\"elementor-widget-wrap elementor-element-populated\">\n\t\t\t\t\t\t<div class=\"elementor-element elementor-element-7f296f4 elementor-widget elementor-widget-text-editor\" data-id=\"7f296f4\" data-element_type=\"widget\" data-widget_type=\"text-editor.default\">\n\t\t\t\t<div class=\"elementor-widget-container\">\n\t\t\t\t\t\t\t\t\t<h2>Informativa sul trattamento dei dati personali ai sensi dell&#8217;articolo 13 del regolamento (ue) n. 2016\/679<\/h2><h4>\u00a0<\/h4><h4>A cosa si applica questa Privacy Policy?<\/h4><p>La presente Privacy Policy vale come informativa ai sensi dell\u2019art. 13 del Regolamento (UE) 2016\/679 (di seguito il \u201c<strong>GDPR<\/strong>\u201d) e si applica ai dati personali a Lei relativi raccolti e trattati da Ecospray Technologies S.r.l., con sede legale in Via Ricotti, 5 &#8211; 27058 Voghera (PV) \u2013 nella sua qualit\u00e0 di titolare del trattamento \u2013 (di seguito \u201c<strong>Ecospray<\/strong>\u201d, \u201c<strong>noi<\/strong>\u201d o \u201c<strong>nostro<\/strong>\u201d, a seconda dei casi) attraverso il sito <a href=\"https:\/\/ecospray.eu\">www.ecospray.eu<\/a> (di seguito il \u201c<strong>Sito<\/strong>\u201d) nonch\u00e9 attraverso qualsiasi altro strumento, di propriet\u00e0 o utilizzato da Ecospray, che rimandi alla presente Privacy Policy.<\/p><h4>\u00a0<\/h4><h4>Quali dati personali raccogliamo?<\/h4><p>Potremmo raccogliere i seguenti dati:<\/p><ol><li>Dati identificativi come il nome e il cognome;<\/li><li>Dati di contatto come l\u2019indirizzo email e il numero di telefono;<\/li><li>Dati relativi alla vita professionale come il titolo, l\u2019azienda per la quale lavora e il ruolo ricoperto;<\/li><li>Informazioni sui dispositivi utilizzati per la navigazione sul Sito come l\u2019indirizzo IP, il sistema operativo, il browser utilizzato e la lingua preferita e altre informazioni raccolte attraverso i cookie installati sul Sito;<\/li><li>Qualsiasi altra informazione che ci fornir\u00e0 spontaneamente.<\/li><\/ol><p>Per maggiori informazioni sui cookie, consulti la nostra <a href=\"https:\/\/ecospray.eu\/it\/cookie-policy\/\" target=\"_blank\" rel=\"noopener\"><u>Cookie Policy<\/u><\/a>.<\/p><p>Il conferimento dei Suoi dati personali \u00e8 facoltativo ma necessario per il perseguimento delle finalit\u00e0 elencate sotto; qualora non ci fornisca i Suoi dati personali, non potremmo perseguire tali finalit\u00e0.<\/p><h4>\u00a0<\/h4><h4>In che modo raccogliamo i Suoi dati personali?<\/h4><p>La maggior parte dei dati che trattiamo ci sono forniti direttamente da Lei, quando naviga sul Sito, utilizza i servizi messi a disposizione o compila i <em>form<\/em> presenti al loro interno, in occasione di eventi o altre iniziative e, in generale, ogniqualvolta interagisce con noi.<\/p><h4>\u00a0<\/h4><h4>Per quali finalit\u00e0 trattiamo i Suoi dati personali?<\/h4><p>Potremmo trattare i Suoi dati personali per:<\/p><ol><li>ConsentirLe di registrarsi a e di usufruire dei servizi \u2013 incluso Ecospray Training Center \u2013 che Le mettiamo a disposizione attraverso il Sito;<\/li><li>Rispondere alle Sue domande e evadere le Sue richieste di assistenza e supporto;<\/li><li>ConsentirLe di prendere parte a eventi o altre iniziative, organizzate, promosse o sponsorizzate da noi;<\/li><li>InviarLe \u2013 anche tramite sistemi automatizzati di comunicazione \u2013 comunicazioni commerciali di natura informativa su prodotti e servizi analoghi a quelli che ha acquistato (finalit\u00e0 di soft spam);<\/li><li>Con il Suo consenso, inviarLe \u2013 anche tramite sistemi automatizzati di comunicazione \u2013 comunicazioni commerciali di natura informativa sui nostri prodotti e servizi e sulle nostre attivit\u00e0, inclusi newsletter e inviti ad eventi o altre iniziative (finalit\u00e0 di marketing);<\/li><li>Svolgere attivit\u00e0 statistiche ad uso meramente interno e con modalit\u00e0 tali da non consentire, una volta completate, l\u2019identificazione dell\u2019interessato (finalit\u00e0 statistiche);<\/li><li>Adempiere a obblighi legali o regolamentari a cui siamo soggetti;<\/li><li>Esercitare o difendere un diritto in sede giudiziaria.<\/li><\/ol><p>Il trattamento dei Suoi dati personali per le finalit\u00e0 di cui ai numeri (1), (2) e (3) non richiede il Suo consenso in quanto \u00e8 necessario per dare seguito alle Sue richieste, ai sensi dell\u2019art. 6, c. 1, lett. b) del GDPR. Il trattamento dei Suoi dati personali per le finalit\u00e0 di cui ai numeri (4) e (8) non richiede il Suo consenso in quanto \u00e8 necessario per il perseguimento del legittimo interesse del Titolare, ai sensi dell\u2019art. 6, c. 1, lett. f) del GDPR. Il trattamento dei Suoi dati personali per la finalit\u00e0 di cui al numero (5) richiede il Suo consenso ai sensi dell\u2019art. 6, c. 1, lett. a). Il trattamento dei Suoi dati personali per la finalit\u00e0 di cui al numero (7) non richiede il Suo consenso in quanto \u00e8 necessario per adempiere agli obblighi legali o regolamentari cui \u00e8 soggetto il titolare, ai sensi dell\u2019art. 6, c. 1, lett. c) del GDPR.<\/p><p><strong>\u00a0<\/strong><\/p><h4>Come trattiamo i Suoi dati personali?<\/h4><p>Adottiamo misure di sicurezza per proteggere i Suoi dati personali dai rischi di distruzione, perdita o alterazione (accidentale o illegittima) dei dati personali nonch\u00e9 di comunicazione o accesso non autorizzati agli stessi.<\/p><h4>\u00a0<\/h4><h4>Per quanto tempo conserviamo i Suoi dati personali?<\/h4><p>I Suoi dati personali saranno conservati per periodi di tempo diversi a seconda delle finalit\u00e0 per le quali sono stati raccolti. Nello specifico:<\/p><ol><li>I dati raccolti per la registrazione al Sito saranno conservati fintanto che il Suo profilo sar\u00e0 attivo;<\/li><li>i dati raccolti per rispondere alle Sue domande ed evadere le Sue richieste di assistenza e supporto saranno conservati fino a che la Sua richiesta non sar\u00e0 evasa;<\/li><li>i dati raccolti per consentirLe di prendere parte a eventi o altre iniziative saranno conservati fino al termine dell\u2019evento o dell\u2019iniziativa, salvo che la legge non ne richieda la conservazione per un periodo pi\u00f9 lungo;<\/li><li>i dati raccolti per finalit\u00e0 di soft spam e di marketing saranno conservati per 24 mesi.<\/li><\/ol><p>I dati raccolti per le altre finalit\u00e0 saranno conservati per un periodo pari al periodo di prescrizione dei diritti per il cui accertamento, esercizio o difesa il trattamento di tali dati si rende necessario o per il tempo per cui siamo tenuti a conservarli ai sensi delle leggi e dei regolamenti applicabili.<\/p><h4>\u00a0<\/h4><h4>Con chi i Suoi dati personali sono condivisi?<\/h4><p>I Suoi dati personali potranno essere resi accessibili, portati a conoscenza di o comunicati ai seguenti soggetti,<\/p><p>i quali agiranno quali persone autorizzate al trattamento, responsabili ovvero autonomi titolari:<\/p><ol><li>nostri dipendenti o collaboratori a qualsiasi titolo;<\/li><li>soggetti pubblici o privati, persone fisiche o giuridiche, che svolgono attivit\u00e0 di trattamento per nostro conto o a cui siamo tenuti a comunicare i Suoi dati personali, in forza di obblighi legali o contrattuali.<\/li><\/ol><p>In particolare, utilizziamo, nello svolgimento delle attivit\u00e0 di trattamento connesse alla fornitura dei servizi messi a disposizione attraverso il Sito e all\u2019invio di comunicazioni commerciali, fornitori di servizi, stabiliti sia all\u2019interno che al di fuori dello Spazio Economico Europeo.<\/p><p>La informiamo che trasferiremo i Suoi dati personali stabiliti al fuori dello Spazio Economico Europeo sulla base delle clausole contrattuali standard di cui all\u2019Art. 46 (2) (c) e (d) del GDPR.<\/p><h4>\u00a0<\/h4><h4>I Suoi diritti ai sensi della normativa in materia di protezione dei dati personali<\/h4><p>Ai sensi degli artt. da 15 a 20 del GDPR, Lei ha il diritto di chiederci di:<\/p><ol><li>essere informato sulle finalit\u00e0 e le modalit\u00e0 del trattamento dei Suoi dati personali;<\/li><li>accedere ai Suoi dati personali e riceverne copia;<\/li><li>rettificare i dati incompleti, inesatti o non aggiornati;<\/li><li>cancellare i Suoi dati personali;<\/li><li>limitare il trattamento dei Suoi dati personali, ove applicabile ai sensi del GDPR;<\/li><li>opporsi al trattamento, in tutto o in parte, ove applicabile ai sensi del GDPR;<\/li><li>ottenere la portabilit\u00e0 dei Suoi dati personali, ove applicabile ai sensi del GDPR.<\/li><\/ol><p>Nel caso in cui sia richiesto il consenso per il trattamento dei dati personali, potr\u00e0, altres\u00ec, revocare in qualsiasi momento il consenso gi\u00e0 prestato, senza pregiudicare la liceit\u00e0 del trattamento basata sul consenso prestato prima della revoca.<\/p><p>Pu\u00f2 esercitare i diritti di cui sopra scrivendo un\u2019email a <a href=\"&#109;&#x61;&#x69;&#108;&#x74;&#x6f;&#58;&#x70;&#x72;&#105;&#x76;&#x61;&#99;&#x79;&#x40;&#101;&#x63;&#x6f;&#115;&#x70;&#x72;&#97;&#x79;&#x2e;&#101;&#x75;\">&#x70;&#x72;&#x69;&#x76;&#x61;&#x63;&#x79;&#x40;&#x65;&#x63;&#x6f;&#x73;&#x70;&#x72;&#97;&#121;&#46;&#101;&#117;<\/a><\/p><p>Inoltre ha il diritto di presente un reclamo al Garante per la Protezione dei Dati Personali, nel caso in cui ritenga che siano stati violati i diritti di cui \u00e8 titolare ai sensi del GDPR.<\/p><h4>\u00a0<\/h4><h4>Link ad altri siti<\/h4><p>Il Sito o qualsiasi altro strumento che rimandi alla presente Privacy Policy potrebbe contenere link a siti esterni. Se clicca su uno di questi link, sar\u00e0 reindirizzato a un sito non coperto da questa Privacy Policy.<\/p><p><strong>\u00a0<\/strong><\/p><h4>Modifiche alla Privacy Policy<\/h4><p>Questa Privacy Policy sar\u00e0 soggetta ad aggiornamenti. La invitiamo pertanto a consultare periodicamente l\u2019ultima versione disponibile sul Sito.<\/p>\t\t\t\t\t\t\t\t<\/div>\n\t\t\t\t<\/div>\n\t\t\t\t\t<\/div>\n\t\t<\/div>\n\t\t\t\t\t<\/div>\n\t\t<\/section>\n\t\t\t\t<\/div>\n\t\t","protected":false},"excerpt":{"rendered":"<p>Informativa sul trattamento dei dati personali ai sensi dell&#8217;articolo 13 del regolamento (ue) n. 2016\/679 \u00a0 A cosa si applica questa Privacy Policy? La presente Privacy Policy vale come informativa ai sensi dell\u2019art. 13 del [&hellip;]<\/p>\n","protected":false},"author":6,"featured_media":9605,"parent":0,"menu_order":0,"comment_status":"closed","ping_status":"closed","template":"","meta":{"_acf_changed":false,"footnotes":""},"categorie-prodotti":[],"categorie-servizi":[],"aree":[],"class_list":["post-9643","page","type-page","status-publish","has-post-thumbnail","hentry"],"acf":[],"yoast_head":"<!-- This site is optimized with the Yoast SEO plugin v24.4 - https:\/\/yoast.com\/wordpress\/plugins\/seo\/ -->\n<title>Privacy policy - Ecospray<\/title>\n<meta name=\"robots\" content=\"index, follow, max-snippet:-1, max-image-preview:large, max-video-preview:-1\" \/>\n<link rel=\"canonical\" href=\"https:\/\/ecospray.eu\/it\/privacy-policy\/\" \/>\n<meta property=\"og:locale\" content=\"it_IT\" \/>\n<meta property=\"og:type\" content=\"article\" \/>\n<meta property=\"og:title\" content=\"Privacy policy - Ecospray\" \/>\n<meta property=\"og:description\" content=\"Informativa sul trattamento dei dati personali ai sensi dell&#8217;articolo 13 del regolamento (ue) n. 2016\/679 \u00a0 A cosa si applica questa Privacy Policy? La presente Privacy Policy vale come informativa ai sensi dell\u2019art. 13 del [&hellip;]\" \/>\n<meta property=\"og:url\" content=\"https:\/\/ecospray.eu\/it\/privacy-policy\/\" \/>\n<meta property=\"og:site_name\" content=\"Ecospray\" \/>\n<meta property=\"article:modified_time\" content=\"2021-01-14T15:32:11+00:00\" \/>\n<meta property=\"og:image\" content=\"https:\/\/ecospray.eu\/wp-content\/uploads\/2021\/01\/earth-cover.jpg\" \/>\n\t<meta property=\"og:image:width\" content=\"1920\" \/>\n\t<meta property=\"og:image:height\" content=\"1024\" \/>\n\t<meta property=\"og:image:type\" content=\"image\/jpeg\" \/>\n<meta name=\"twitter:card\" content=\"summary_large_image\" \/>\n<meta name=\"twitter:label1\" content=\"Tempo di lettura stimato\" \/>\n\t<meta name=\"twitter:data1\" content=\"6 minuti\" \/>\n<script type=\"application\/ld+json\" class=\"yoast-schema-graph\">{\"@context\":\"https:\/\/schema.org\",\"@graph\":[{\"@type\":\"WebPage\",\"@id\":\"https:\/\/ecospray.eu\/it\/privacy-policy\/\",\"url\":\"https:\/\/ecospray.eu\/it\/privacy-policy\/\",\"name\":\"Privacy policy - Ecospray\",\"isPartOf\":{\"@id\":\"https:\/\/ecospray.eu\/#website\"},\"primaryImageOfPage\":{\"@id\":\"https:\/\/ecospray.eu\/it\/privacy-policy\/#primaryimage\"},\"image\":{\"@id\":\"https:\/\/ecospray.eu\/it\/privacy-policy\/#primaryimage\"},\"thumbnailUrl\":\"https:\/\/ecospray.eu\/wp-content\/uploads\/2021\/01\/earth-cover.jpg\",\"datePublished\":\"2021-01-12T10:46:58+00:00\",\"dateModified\":\"2021-01-14T15:32:11+00:00\",\"breadcrumb\":{\"@id\":\"https:\/\/ecospray.eu\/it\/privacy-policy\/#breadcrumb\"},\"inLanguage\":\"it-IT\",\"potentialAction\":[{\"@type\":\"ReadAction\",\"target\":[\"https:\/\/ecospray.eu\/it\/privacy-policy\/\"]}]},{\"@type\":\"ImageObject\",\"inLanguage\":\"it-IT\",\"@id\":\"https:\/\/ecospray.eu\/it\/privacy-policy\/#primaryimage\",\"url\":\"https:\/\/ecospray.eu\/wp-content\/uploads\/2021\/01\/earth-cover.jpg\",\"contentUrl\":\"https:\/\/ecospray.eu\/wp-content\/uploads\/2021\/01\/earth-cover.jpg\",\"width\":1920,\"height\":1024},{\"@type\":\"BreadcrumbList\",\"@id\":\"https:\/\/ecospray.eu\/it\/privacy-policy\/#breadcrumb\",\"itemListElement\":[{\"@type\":\"ListItem\",\"position\":1,\"name\":\"Home\",\"item\":\"https:\/\/ecospray.eu\/it\/\"},{\"@type\":\"ListItem\",\"position\":2,\"name\":\"Privacy policy\"}]},{\"@type\":\"WebSite\",\"@id\":\"https:\/\/ecospray.eu\/#website\",\"url\":\"https:\/\/ecospray.eu\/\",\"name\":\"Ecospray\",\"description\":\"Technologies for the planet.\",\"publisher\":{\"@id\":\"https:\/\/ecospray.eu\/#organization\"},\"potentialAction\":[{\"@type\":\"SearchAction\",\"target\":{\"@type\":\"EntryPoint\",\"urlTemplate\":\"https:\/\/ecospray.eu\/?s={search_term_string}\"},\"query-input\":{\"@type\":\"PropertyValueSpecification\",\"valueRequired\":true,\"valueName\":\"search_term_string\"}}],\"inLanguage\":\"it-IT\"},{\"@type\":\"Organization\",\"@id\":\"https:\/\/ecospray.eu\/#organization\",\"name\":\"Ecospray\",\"url\":\"https:\/\/ecospray.eu\/\",\"logo\":{\"@type\":\"ImageObject\",\"inLanguage\":\"it-IT\",\"@id\":\"https:\/\/ecospray.eu\/#\/schema\/logo\/image\/\",\"url\":\"https:\/\/ecospray.eu\/wp-content\/uploads\/2023\/05\/logo_ecosprayR_colore_.png\",\"contentUrl\":\"https:\/\/ecospray.eu\/wp-content\/uploads\/2023\/05\/logo_ecosprayR_colore_.png\",\"width\":569,\"height\":131,\"caption\":\"Ecospray\"},\"image\":{\"@id\":\"https:\/\/ecospray.eu\/#\/schema\/logo\/image\/\"}}]}<\/script>\n<!-- \/ Yoast SEO plugin. -->","yoast_head_json":{"title":"Privacy policy - Ecospray","robots":{"index":"index","follow":"follow","max-snippet":"max-snippet:-1","max-image-preview":"max-image-preview:large","max-video-preview":"max-video-preview:-1"},"canonical":"https:\/\/ecospray.eu\/it\/privacy-policy\/","og_locale":"it_IT","og_type":"article","og_title":"Privacy policy - Ecospray","og_description":"Informativa sul trattamento dei dati personali ai sensi dell&#8217;articolo 13 del regolamento (ue) n. 2016\/679 \u00a0 A cosa si applica questa Privacy Policy? La presente Privacy Policy vale come informativa ai sensi dell\u2019art. 13 del [&hellip;]","og_url":"https:\/\/ecospray.eu\/it\/privacy-policy\/","og_site_name":"Ecospray","article_modified_time":"2021-01-14T15:32:11+00:00","og_image":[{"width":1920,"height":1024,"url":"https:\/\/ecospray.eu\/wp-content\/uploads\/2021\/01\/earth-cover.jpg","type":"image\/jpeg"}],"twitter_card":"summary_large_image","twitter_misc":{"Tempo di lettura stimato":"6 minuti"},"schema":{"@context":"https:\/\/schema.org","@graph":[{"@type":"WebPage","@id":"https:\/\/ecospray.eu\/it\/privacy-policy\/","url":"https:\/\/ecospray.eu\/it\/privacy-policy\/","name":"Privacy policy - Ecospray","isPartOf":{"@id":"https:\/\/ecospray.eu\/#website"},"primaryImageOfPage":{"@id":"https:\/\/ecospray.eu\/it\/privacy-policy\/#primaryimage"},"image":{"@id":"https:\/\/ecospray.eu\/it\/privacy-policy\/#primaryimage"},"thumbnailUrl":"https:\/\/ecospray.eu\/wp-content\/uploads\/2021\/01\/earth-cover.jpg","datePublished":"2021-01-12T10:46:58+00:00","dateModified":"2021-01-14T15:32:11+00:00","breadcrumb":{"@id":"https:\/\/ecospray.eu\/it\/privacy-policy\/#breadcrumb"},"inLanguage":"it-IT","potentialAction":[{"@type":"ReadAction","target":["https:\/\/ecospray.eu\/it\/privacy-policy\/"]}]},{"@type":"ImageObject","inLanguage":"it-IT","@id":"https:\/\/ecospray.eu\/it\/privacy-policy\/#primaryimage","url":"https:\/\/ecospray.eu\/wp-content\/uploads\/2021\/01\/earth-cover.jpg","contentUrl":"https:\/\/ecospray.eu\/wp-content\/uploads\/2021\/01\/earth-cover.jpg","width":1920,"height":1024},{"@type":"BreadcrumbList","@id":"https:\/\/ecospray.eu\/it\/privacy-policy\/#breadcrumb","itemListElement":[{"@type":"ListItem","position":1,"name":"Home","item":"https:\/\/ecospray.eu\/it\/"},{"@type":"ListItem","position":2,"name":"Privacy policy"}]},{"@type":"WebSite","@id":"https:\/\/ecospray.eu\/#website","url":"https:\/\/ecospray.eu\/","name":"Ecospray","description":"Technologies for the planet.","publisher":{"@id":"https:\/\/ecospray.eu\/#organization"},"potentialAction":[{"@type":"SearchAction","target":{"@type":"EntryPoint","urlTemplate":"https:\/\/ecospray.eu\/?s={search_term_string}"},"query-input":{"@type":"PropertyValueSpecification","valueRequired":true,"valueName":"search_term_string"}}],"inLanguage":"it-IT"},{"@type":"Organization","@id":"https:\/\/ecospray.eu\/#organization","name":"Ecospray","url":"https:\/\/ecospray.eu\/","logo":{"@type":"ImageObject","inLanguage":"it-IT","@id":"https:\/\/ecospray.eu\/#\/schema\/logo\/image\/","url":"https:\/\/ecospray.eu\/wp-content\/uploads\/2023\/05\/logo_ecosprayR_colore_.png","contentUrl":"https:\/\/ecospray.eu\/wp-content\/uploads\/2023\/05\/logo_ecosprayR_colore_.png","width":569,"height":131,"caption":"Ecospray"},"image":{"@id":"https:\/\/ecospray.eu\/#\/schema\/logo\/image\/"}}]}},"_links":{"self":[{"href":"https:\/\/ecospray.eu\/it\/wp-json\/wp\/v2\/pages\/9643","targetHints":{"allow":["GET"]}}],"collection":[{"href":"https:\/\/ecospray.eu\/it\/wp-json\/wp\/v2\/pages"}],"about":[{"href":"https:\/\/ecospray.eu\/it\/wp-json\/wp\/v2\/types\/page"}],"author":[{"embeddable":true,"href":"https:\/\/ecospray.eu\/it\/wp-json\/wp\/v2\/users\/6"}],"replies":[{"embeddable":true,"href":"https:\/\/ecospray.eu\/it\/wp-json\/wp\/v2\/comments?post=9643"}],"version-history":[{"count":7,"href":"https:\/\/ecospray.eu\/it\/wp-json\/wp\/v2\/pages\/9643\/revisions"}],"predecessor-version":[{"id":10218,"href":"https:\/\/ecospray.eu\/it\/wp-json\/wp\/v2\/pages\/9643\/revisions\/10218"}],"wp:featuredmedia":[{"embeddable":true,"href":"https:\/\/ecospray.eu\/it\/wp-json\/wp\/v2\/media\/9605"}],"wp:attachment":[{"href":"https:\/\/ecospray.eu\/it\/wp-json\/wp\/v2\/media?parent=9643"}],"wp:term":[{"taxonomy":"categorie-prodotti","embeddable":true,"href":"https:\/\/ecospray.eu\/it\/wp-json\/wp\/v2\/categorie-prodotti?post=9643"},{"taxonomy":"categorie-servizi","embeddable":true,"href":"https:\/\/ecospray.eu\/it\/wp-json\/wp\/v2\/categorie-servizi?post=9643"},{"taxonomy":"aree","embeddable":true,"href":"https:\/\/ecospray.eu\/it\/wp-json\/wp\/v2\/aree?post=9643"}],"curies":[{"name":"wp","href":"https:\/\/api.w.org\/{rel}","templated":true}]}}